{"id":477,"date":"2024-09-18T11:24:42","date_gmt":"2024-09-18T09:24:42","guid":{"rendered":"https:\/\/tca-avocats.com\/cabinet\/"},"modified":"2025-03-10T16:17:18","modified_gmt":"2025-03-10T15:17:18","slug":"the-law-firm","status":"publish","type":"page","link":"https:\/\/tca-avocats.com\/en\/the-law-firm\/","title":{"rendered":"The Law Firm"},"content":{"rendered":"","protected":false},"excerpt":{"rendered":"","protected":false},"author":1,"featured_media":235,"parent":0,"menu_order":0,"comment_status":"closed","ping_status":"closed","template":"tpl-cabinet.php","meta":{"_acf_changed":false,"footnotes":""},"class_list":["post-477","page","type-page","status-publish","has-post-thumbnail","hentry"],"acf":[],"yoast_head":"<!-- This site is optimized with the Yoast SEO plugin v27.3 - https:\/\/yoast.com\/product\/yoast-seo-wordpress\/ -->\n<title>The Law Firm | Toutt\u00e9e Conseil &amp; Associ\u00e9s - Tax Law Expertise in Paris<\/title>\n<meta name=\"description\" content=\"Toutt\u00e9e Conseil &amp; Associ\u00e9s offers tax law services to businesses, families and associations, providing expert guidance for strategic tax matters.\" \/>\n<meta name=\"robots\" content=\"index, follow, max-snippet:-1, max-image-preview:large, max-video-preview:-1\" \/>\n<link rel=\"canonical\" href=\"https:\/\/tca-avocats.com\/en\/the-law-firm\/\" \/>\n<meta property=\"og:locale\" content=\"en_US\" \/>\n<meta property=\"og:type\" content=\"article\" \/>\n<meta property=\"og:title\" content=\"The Law Firm | Toutt\u00e9e Conseil &amp; Associ\u00e9s - Tax Law Expertise in Paris\" \/>\n<meta property=\"og:description\" content=\"Toutt\u00e9e Conseil &amp; Associ\u00e9s offers tax law services to businesses, families and associations, providing expert guidance for strategic tax matters.\" \/>\n<meta property=\"og:url\" content=\"https:\/\/tca-avocats.com\/en\/the-law-firm\/\" \/>\n<meta property=\"og:site_name\" content=\"Toutt\u00e9e Conseil &amp; Associ\u00e9s\" \/>\n<meta property=\"article:modified_time\" content=\"2025-03-10T15:17:18+00:00\" \/>\n<meta property=\"og:image\" content=\"https:\/\/tca-avocats.com\/wp-content\/uploads\/2024\/10\/cabinet.jpg\" \/>\n\t<meta property=\"og:image:width\" content=\"1660\" \/>\n\t<meta property=\"og:image:height\" content=\"360\" \/>\n\t<meta property=\"og:image:type\" content=\"image\/jpeg\" \/>\n<meta name=\"twitter:card\" content=\"summary_large_image\" \/>\n<meta name=\"twitter:label1\" content=\"Est. reading time\" \/>\n\t<meta name=\"twitter:data1\" content=\"1 minute\" \/>\n<script type=\"application\/ld+json\" class=\"yoast-schema-graph\">{\"@context\":\"https:\\\/\\\/schema.org\",\"@graph\":[{\"@type\":\"WebPage\",\"@id\":\"https:\\\/\\\/tca-avocats.com\\\/en\\\/the-law-firm\\\/\",\"url\":\"https:\\\/\\\/tca-avocats.com\\\/en\\\/the-law-firm\\\/\",\"name\":\"The Law Firm | Toutt\u00e9e Conseil &amp; Associ\u00e9s - Tax Law Expertise in Paris\",\"isPartOf\":{\"@id\":\"https:\\\/\\\/tca-avocats.com\\\/en\\\/#website\"},\"primaryImageOfPage\":{\"@id\":\"https:\\\/\\\/tca-avocats.com\\\/en\\\/the-law-firm\\\/#primaryimage\"},\"image\":{\"@id\":\"https:\\\/\\\/tca-avocats.com\\\/en\\\/the-law-firm\\\/#primaryimage\"},\"thumbnailUrl\":\"https:\\\/\\\/tca-avocats.com\\\/wp-content\\\/uploads\\\/2024\\\/10\\\/cabinet.jpg\",\"datePublished\":\"2024-09-18T09:24:42+00:00\",\"dateModified\":\"2025-03-10T15:17:18+00:00\",\"description\":\"Toutt\u00e9e Conseil & Associ\u00e9s offers tax law services to businesses, families and associations, providing expert guidance for strategic tax matters.\",\"breadcrumb\":{\"@id\":\"https:\\\/\\\/tca-avocats.com\\\/en\\\/the-law-firm\\\/#breadcrumb\"},\"inLanguage\":\"en-US\",\"potentialAction\":[{\"@type\":\"ReadAction\",\"target\":[\"https:\\\/\\\/tca-avocats.com\\\/en\\\/the-law-firm\\\/\"]}]},{\"@type\":\"ImageObject\",\"inLanguage\":\"en-US\",\"@id\":\"https:\\\/\\\/tca-avocats.com\\\/en\\\/the-law-firm\\\/#primaryimage\",\"url\":\"https:\\\/\\\/tca-avocats.com\\\/wp-content\\\/uploads\\\/2024\\\/10\\\/cabinet.jpg\",\"contentUrl\":\"https:\\\/\\\/tca-avocats.com\\\/wp-content\\\/uploads\\\/2024\\\/10\\\/cabinet.jpg\",\"width\":1660,\"height\":360,\"caption\":\"Le Cabinet - Toutt\u00e9e Conseil & Associ\u00e9s\"},{\"@type\":\"BreadcrumbList\",\"@id\":\"https:\\\/\\\/tca-avocats.com\\\/en\\\/the-law-firm\\\/#breadcrumb\",\"itemListElement\":[{\"@type\":\"ListItem\",\"position\":1,\"name\":\"Accueil\",\"item\":\"https:\\\/\\\/tca-avocats.com\\\/en\\\/\"},{\"@type\":\"ListItem\",\"position\":2,\"name\":\"The Law Firm\"}]},{\"@type\":\"WebSite\",\"@id\":\"https:\\\/\\\/tca-avocats.com\\\/en\\\/#website\",\"url\":\"https:\\\/\\\/tca-avocats.com\\\/en\\\/\",\"name\":\"Toutt\u00e9e Conseil &amp; Associ\u00e9s\",\"description\":\"\",\"potentialAction\":[{\"@type\":\"SearchAction\",\"target\":{\"@type\":\"EntryPoint\",\"urlTemplate\":\"https:\\\/\\\/tca-avocats.com\\\/en\\\/?s={search_term_string}\"},\"query-input\":{\"@type\":\"PropertyValueSpecification\",\"valueRequired\":true,\"valueName\":\"search_term_string\"}}],\"inLanguage\":\"en-US\"}]}<\/script>\n<!-- \/ Yoast SEO plugin. -->","yoast_head_json":{"title":"The Law Firm | Toutt\u00e9e Conseil &amp; Associ\u00e9s - Tax Law Expertise in Paris","description":"Toutt\u00e9e Conseil & Associ\u00e9s offers tax law services to businesses, families and associations, providing expert guidance for strategic tax matters.","robots":{"index":"index","follow":"follow","max-snippet":"max-snippet:-1","max-image-preview":"max-image-preview:large","max-video-preview":"max-video-preview:-1"},"canonical":"https:\/\/tca-avocats.com\/en\/the-law-firm\/","og_locale":"en_US","og_type":"article","og_title":"The Law Firm | Toutt\u00e9e Conseil &amp; Associ\u00e9s - Tax Law Expertise in Paris","og_description":"Toutt\u00e9e Conseil & Associ\u00e9s offers tax law services to businesses, families and associations, providing expert guidance for strategic tax matters.","og_url":"https:\/\/tca-avocats.com\/en\/the-law-firm\/","og_site_name":"Toutt\u00e9e Conseil &amp; Associ\u00e9s","article_modified_time":"2025-03-10T15:17:18+00:00","og_image":[{"width":1660,"height":360,"url":"https:\/\/tca-avocats.com\/wp-content\/uploads\/2024\/10\/cabinet.jpg","type":"image\/jpeg"}],"twitter_card":"summary_large_image","twitter_misc":{"Est. reading time":"1 minute"},"schema":{"@context":"https:\/\/schema.org","@graph":[{"@type":"WebPage","@id":"https:\/\/tca-avocats.com\/en\/the-law-firm\/","url":"https:\/\/tca-avocats.com\/en\/the-law-firm\/","name":"The Law Firm | Toutt\u00e9e Conseil &amp; Associ\u00e9s - Tax Law Expertise in Paris","isPartOf":{"@id":"https:\/\/tca-avocats.com\/en\/#website"},"primaryImageOfPage":{"@id":"https:\/\/tca-avocats.com\/en\/the-law-firm\/#primaryimage"},"image":{"@id":"https:\/\/tca-avocats.com\/en\/the-law-firm\/#primaryimage"},"thumbnailUrl":"https:\/\/tca-avocats.com\/wp-content\/uploads\/2024\/10\/cabinet.jpg","datePublished":"2024-09-18T09:24:42+00:00","dateModified":"2025-03-10T15:17:18+00:00","description":"Toutt\u00e9e Conseil & Associ\u00e9s offers tax law services to businesses, families and associations, providing expert guidance for strategic tax matters.","breadcrumb":{"@id":"https:\/\/tca-avocats.com\/en\/the-law-firm\/#breadcrumb"},"inLanguage":"en-US","potentialAction":[{"@type":"ReadAction","target":["https:\/\/tca-avocats.com\/en\/the-law-firm\/"]}]},{"@type":"ImageObject","inLanguage":"en-US","@id":"https:\/\/tca-avocats.com\/en\/the-law-firm\/#primaryimage","url":"https:\/\/tca-avocats.com\/wp-content\/uploads\/2024\/10\/cabinet.jpg","contentUrl":"https:\/\/tca-avocats.com\/wp-content\/uploads\/2024\/10\/cabinet.jpg","width":1660,"height":360,"caption":"Le Cabinet - Toutt\u00e9e Conseil & Associ\u00e9s"},{"@type":"BreadcrumbList","@id":"https:\/\/tca-avocats.com\/en\/the-law-firm\/#breadcrumb","itemListElement":[{"@type":"ListItem","position":1,"name":"Accueil","item":"https:\/\/tca-avocats.com\/en\/"},{"@type":"ListItem","position":2,"name":"The Law Firm"}]},{"@type":"WebSite","@id":"https:\/\/tca-avocats.com\/en\/#website","url":"https:\/\/tca-avocats.com\/en\/","name":"Toutt\u00e9e Conseil &amp; Associ\u00e9s","description":"","potentialAction":[{"@type":"SearchAction","target":{"@type":"EntryPoint","urlTemplate":"https:\/\/tca-avocats.com\/en\/?s={search_term_string}"},"query-input":{"@type":"PropertyValueSpecification","valueRequired":true,"valueName":"search_term_string"}}],"inLanguage":"en-US"}]}},"_links":{"self":[{"href":"https:\/\/tca-avocats.com\/en\/wp-json\/wp\/v2\/pages\/477","targetHints":{"allow":["GET"]}}],"collection":[{"href":"https:\/\/tca-avocats.com\/en\/wp-json\/wp\/v2\/pages"}],"about":[{"href":"https:\/\/tca-avocats.com\/en\/wp-json\/wp\/v2\/types\/page"}],"author":[{"embeddable":true,"href":"https:\/\/tca-avocats.com\/en\/wp-json\/wp\/v2\/users\/1"}],"replies":[{"embeddable":true,"href":"https:\/\/tca-avocats.com\/en\/wp-json\/wp\/v2\/comments?post=477"}],"version-history":[{"count":5,"href":"https:\/\/tca-avocats.com\/en\/wp-json\/wp\/v2\/pages\/477\/revisions"}],"predecessor-version":[{"id":527,"href":"https:\/\/tca-avocats.com\/en\/wp-json\/wp\/v2\/pages\/477\/revisions\/527"}],"wp:featuredmedia":[{"embeddable":true,"href":"https:\/\/tca-avocats.com\/en\/wp-json\/wp\/v2\/media\/235"}],"wp:attachment":[{"href":"https:\/\/tca-avocats.com\/en\/wp-json\/wp\/v2\/media?parent=477"}],"curies":[{"name":"wp","href":"https:\/\/api.w.org\/{rel}","templated":true}]}}