{"id":480,"date":"2024-09-18T11:25:13","date_gmt":"2024-09-18T09:25:13","guid":{"rendered":"https:\/\/tca-avocats.com\/expertises\/"},"modified":"2025-01-29T23:12:17","modified_gmt":"2025-01-29T22:12:17","slug":"our-expertise","status":"publish","type":"page","link":"https:\/\/tca-avocats.com\/en\/our-expertise\/","title":{"rendered":"Our expertise"},"content":{"rendered":"","protected":false},"excerpt":{"rendered":"","protected":false},"author":1,"featured_media":357,"parent":0,"menu_order":0,"comment_status":"closed","ping_status":"closed","template":"tpl-expertises.php","meta":{"_acf_changed":false,"footnotes":""},"class_list":["post-480","page","type-page","status-publish","has-post-thumbnail","hentry"],"acf":[],"yoast_head":"<!-- This site is optimized with the Yoast SEO plugin v27.3 - https:\/\/yoast.com\/product\/yoast-seo-wordpress\/ -->\n<title>Our expertise | Toutt\u00e9e Conseil &amp; Associ\u00e9s : Tax Law, Wealth Management, Non-Profit Sector<\/title>\n<meta name=\"description\" content=\"Explore the expertise of Toutt\u00e9e Conseil &amp; Associ\u00e9s: tax support for companies, wealth management, advisory for non-profit organizations, and handling of tax and social disputes.\" \/>\n<meta name=\"robots\" content=\"index, follow, max-snippet:-1, max-image-preview:large, max-video-preview:-1\" \/>\n<link rel=\"canonical\" href=\"https:\/\/tca-avocats.com\/en\/our-expertise\/\" \/>\n<meta property=\"og:locale\" content=\"en_US\" \/>\n<meta property=\"og:type\" content=\"article\" \/>\n<meta property=\"og:title\" content=\"Our expertise | Toutt\u00e9e Conseil &amp; Associ\u00e9s : Tax Law, Wealth Management, Non-Profit Sector\" \/>\n<meta property=\"og:description\" content=\"Explore the expertise of Toutt\u00e9e Conseil &amp; Associ\u00e9s: tax support for companies, wealth management, advisory for non-profit organizations, and handling of tax and social disputes.\" \/>\n<meta property=\"og:url\" content=\"https:\/\/tca-avocats.com\/en\/our-expertise\/\" \/>\n<meta property=\"og:site_name\" content=\"Toutt\u00e9e Conseil &amp; Associ\u00e9s\" \/>\n<meta property=\"article:modified_time\" content=\"2025-01-29T22:12:17+00:00\" \/>\n<meta property=\"og:image\" content=\"https:\/\/tca-avocats.com\/wp-content\/uploads\/2024\/11\/Nos-expertises-Touttee-Conseil-et-Associes-scaled.jpg\" \/>\n\t<meta property=\"og:image:width\" content=\"2560\" \/>\n\t<meta property=\"og:image:height\" content=\"555\" \/>\n\t<meta property=\"og:image:type\" content=\"image\/jpeg\" \/>\n<meta name=\"twitter:card\" content=\"summary_large_image\" \/>\n<meta name=\"twitter:label1\" content=\"Est. reading time\" \/>\n\t<meta name=\"twitter:data1\" content=\"1 minute\" \/>\n<script type=\"application\/ld+json\" class=\"yoast-schema-graph\">{\"@context\":\"https:\\\/\\\/schema.org\",\"@graph\":[{\"@type\":\"WebPage\",\"@id\":\"https:\\\/\\\/tca-avocats.com\\\/en\\\/our-expertise\\\/\",\"url\":\"https:\\\/\\\/tca-avocats.com\\\/en\\\/our-expertise\\\/\",\"name\":\"Our expertise | Toutt\u00e9e Conseil &amp; Associ\u00e9s : Tax Law, Wealth Management, Non-Profit Sector\",\"isPartOf\":{\"@id\":\"https:\\\/\\\/tca-avocats.com\\\/en\\\/#website\"},\"primaryImageOfPage\":{\"@id\":\"https:\\\/\\\/tca-avocats.com\\\/en\\\/our-expertise\\\/#primaryimage\"},\"image\":{\"@id\":\"https:\\\/\\\/tca-avocats.com\\\/en\\\/our-expertise\\\/#primaryimage\"},\"thumbnailUrl\":\"https:\\\/\\\/tca-avocats.com\\\/wp-content\\\/uploads\\\/2024\\\/11\\\/Nos-expertises-Touttee-Conseil-et-Associes-scaled.jpg\",\"datePublished\":\"2024-09-18T09:25:13+00:00\",\"dateModified\":\"2025-01-29T22:12:17+00:00\",\"description\":\"Explore the expertise of Toutt\u00e9e Conseil & Associ\u00e9s: tax support for companies, wealth management, advisory for non-profit organizations, and handling of tax and social disputes.\",\"breadcrumb\":{\"@id\":\"https:\\\/\\\/tca-avocats.com\\\/en\\\/our-expertise\\\/#breadcrumb\"},\"inLanguage\":\"en-US\",\"potentialAction\":[{\"@type\":\"ReadAction\",\"target\":[\"https:\\\/\\\/tca-avocats.com\\\/en\\\/our-expertise\\\/\"]}]},{\"@type\":\"ImageObject\",\"inLanguage\":\"en-US\",\"@id\":\"https:\\\/\\\/tca-avocats.com\\\/en\\\/our-expertise\\\/#primaryimage\",\"url\":\"https:\\\/\\\/tca-avocats.com\\\/wp-content\\\/uploads\\\/2024\\\/11\\\/Nos-expertises-Touttee-Conseil-et-Associes-scaled.jpg\",\"contentUrl\":\"https:\\\/\\\/tca-avocats.com\\\/wp-content\\\/uploads\\\/2024\\\/11\\\/Nos-expertises-Touttee-Conseil-et-Associes-scaled.jpg\",\"width\":2560,\"height\":555,\"caption\":\"Nos-expertises-Toutte\u0301e-Conseil-et-Associe\u0301s\"},{\"@type\":\"BreadcrumbList\",\"@id\":\"https:\\\/\\\/tca-avocats.com\\\/en\\\/our-expertise\\\/#breadcrumb\",\"itemListElement\":[{\"@type\":\"ListItem\",\"position\":1,\"name\":\"Accueil\",\"item\":\"https:\\\/\\\/tca-avocats.com\\\/en\\\/\"},{\"@type\":\"ListItem\",\"position\":2,\"name\":\"Our expertise\"}]},{\"@type\":\"WebSite\",\"@id\":\"https:\\\/\\\/tca-avocats.com\\\/en\\\/#website\",\"url\":\"https:\\\/\\\/tca-avocats.com\\\/en\\\/\",\"name\":\"Toutt\u00e9e Conseil &amp; Associ\u00e9s\",\"description\":\"\",\"potentialAction\":[{\"@type\":\"SearchAction\",\"target\":{\"@type\":\"EntryPoint\",\"urlTemplate\":\"https:\\\/\\\/tca-avocats.com\\\/en\\\/?s={search_term_string}\"},\"query-input\":{\"@type\":\"PropertyValueSpecification\",\"valueRequired\":true,\"valueName\":\"search_term_string\"}}],\"inLanguage\":\"en-US\"}]}<\/script>\n<!-- \/ Yoast SEO plugin. -->","yoast_head_json":{"title":"Our expertise | Toutt\u00e9e Conseil &amp; Associ\u00e9s : Tax Law, Wealth Management, Non-Profit Sector","description":"Explore the expertise of Toutt\u00e9e Conseil & Associ\u00e9s: tax support for companies, wealth management, advisory for non-profit organizations, and handling of tax and social disputes.","robots":{"index":"index","follow":"follow","max-snippet":"max-snippet:-1","max-image-preview":"max-image-preview:large","max-video-preview":"max-video-preview:-1"},"canonical":"https:\/\/tca-avocats.com\/en\/our-expertise\/","og_locale":"en_US","og_type":"article","og_title":"Our expertise | Toutt\u00e9e Conseil &amp; Associ\u00e9s : Tax Law, Wealth Management, Non-Profit Sector","og_description":"Explore the expertise of Toutt\u00e9e Conseil & Associ\u00e9s: tax support for companies, wealth management, advisory for non-profit organizations, and handling of tax and social disputes.","og_url":"https:\/\/tca-avocats.com\/en\/our-expertise\/","og_site_name":"Toutt\u00e9e Conseil &amp; Associ\u00e9s","article_modified_time":"2025-01-29T22:12:17+00:00","og_image":[{"width":2560,"height":555,"url":"https:\/\/tca-avocats.com\/wp-content\/uploads\/2024\/11\/Nos-expertises-Touttee-Conseil-et-Associes-scaled.jpg","type":"image\/jpeg"}],"twitter_card":"summary_large_image","twitter_misc":{"Est. reading time":"1 minute"},"schema":{"@context":"https:\/\/schema.org","@graph":[{"@type":"WebPage","@id":"https:\/\/tca-avocats.com\/en\/our-expertise\/","url":"https:\/\/tca-avocats.com\/en\/our-expertise\/","name":"Our expertise | Toutt\u00e9e Conseil &amp; Associ\u00e9s : Tax Law, Wealth Management, Non-Profit Sector","isPartOf":{"@id":"https:\/\/tca-avocats.com\/en\/#website"},"primaryImageOfPage":{"@id":"https:\/\/tca-avocats.com\/en\/our-expertise\/#primaryimage"},"image":{"@id":"https:\/\/tca-avocats.com\/en\/our-expertise\/#primaryimage"},"thumbnailUrl":"https:\/\/tca-avocats.com\/wp-content\/uploads\/2024\/11\/Nos-expertises-Touttee-Conseil-et-Associes-scaled.jpg","datePublished":"2024-09-18T09:25:13+00:00","dateModified":"2025-01-29T22:12:17+00:00","description":"Explore the expertise of Toutt\u00e9e Conseil & Associ\u00e9s: tax support for companies, wealth management, advisory for non-profit organizations, and handling of tax and social disputes.","breadcrumb":{"@id":"https:\/\/tca-avocats.com\/en\/our-expertise\/#breadcrumb"},"inLanguage":"en-US","potentialAction":[{"@type":"ReadAction","target":["https:\/\/tca-avocats.com\/en\/our-expertise\/"]}]},{"@type":"ImageObject","inLanguage":"en-US","@id":"https:\/\/tca-avocats.com\/en\/our-expertise\/#primaryimage","url":"https:\/\/tca-avocats.com\/wp-content\/uploads\/2024\/11\/Nos-expertises-Touttee-Conseil-et-Associes-scaled.jpg","contentUrl":"https:\/\/tca-avocats.com\/wp-content\/uploads\/2024\/11\/Nos-expertises-Touttee-Conseil-et-Associes-scaled.jpg","width":2560,"height":555,"caption":"Nos-expertises-Toutte\u0301e-Conseil-et-Associe\u0301s"},{"@type":"BreadcrumbList","@id":"https:\/\/tca-avocats.com\/en\/our-expertise\/#breadcrumb","itemListElement":[{"@type":"ListItem","position":1,"name":"Accueil","item":"https:\/\/tca-avocats.com\/en\/"},{"@type":"ListItem","position":2,"name":"Our expertise"}]},{"@type":"WebSite","@id":"https:\/\/tca-avocats.com\/en\/#website","url":"https:\/\/tca-avocats.com\/en\/","name":"Toutt\u00e9e Conseil &amp; Associ\u00e9s","description":"","potentialAction":[{"@type":"SearchAction","target":{"@type":"EntryPoint","urlTemplate":"https:\/\/tca-avocats.com\/en\/?s={search_term_string}"},"query-input":{"@type":"PropertyValueSpecification","valueRequired":true,"valueName":"search_term_string"}}],"inLanguage":"en-US"}]}},"_links":{"self":[{"href":"https:\/\/tca-avocats.com\/en\/wp-json\/wp\/v2\/pages\/480","targetHints":{"allow":["GET"]}}],"collection":[{"href":"https:\/\/tca-avocats.com\/en\/wp-json\/wp\/v2\/pages"}],"about":[{"href":"https:\/\/tca-avocats.com\/en\/wp-json\/wp\/v2\/types\/page"}],"author":[{"embeddable":true,"href":"https:\/\/tca-avocats.com\/en\/wp-json\/wp\/v2\/users\/1"}],"replies":[{"embeddable":true,"href":"https:\/\/tca-avocats.com\/en\/wp-json\/wp\/v2\/comments?post=480"}],"version-history":[{"count":3,"href":"https:\/\/tca-avocats.com\/en\/wp-json\/wp\/v2\/pages\/480\/revisions"}],"predecessor-version":[{"id":503,"href":"https:\/\/tca-avocats.com\/en\/wp-json\/wp\/v2\/pages\/480\/revisions\/503"}],"wp:featuredmedia":[{"embeddable":true,"href":"https:\/\/tca-avocats.com\/en\/wp-json\/wp\/v2\/media\/357"}],"wp:attachment":[{"href":"https:\/\/tca-avocats.com\/en\/wp-json\/wp\/v2\/media?parent=480"}],"curies":[{"name":"wp","href":"https:\/\/api.w.org\/{rel}","templated":true}]}}