{"id":493,"date":"2024-09-18T11:26:57","date_gmt":"2024-09-18T09:26:57","guid":{"rendered":"https:\/\/tca-avocats.com\/mentions-legales\/"},"modified":"2025-01-23T15:14:00","modified_gmt":"2025-01-23T14:14:00","slug":"legal","status":"publish","type":"page","link":"https:\/\/tca-avocats.com\/en\/legal\/","title":{"rendered":"Legal"},"content":{"rendered":"","protected":false},"excerpt":{"rendered":"","protected":false},"author":1,"featured_media":0,"parent":0,"menu_order":0,"comment_status":"closed","ping_status":"closed","template":"","meta":{"_acf_changed":false,"footnotes":""},"class_list":["post-493","page","type-page","status-publish","hentry"],"acf":[],"yoast_head":"<!-- This site is optimized with the Yoast SEO plugin v27.3 - https:\/\/yoast.com\/product\/yoast-seo-wordpress\/ -->\n<title>Legal | Toutt\u00e9e Conseil &amp; Associ\u00e9s<\/title>\n<meta name=\"description\" content=\"Sp\u00e9cialiste en Droit Fiscal le Cabinet Toutt\u00e9e Conseil et Associ\u00e9s vous accompagne dans toutes vos op\u00e9rations exceptionnelles.\" \/>\n<meta name=\"robots\" content=\"index, follow, max-snippet:-1, max-image-preview:large, max-video-preview:-1\" \/>\n<link rel=\"canonical\" href=\"https:\/\/tca-avocats.com\/en\/legal\/\" \/>\n<meta property=\"og:locale\" content=\"en_US\" \/>\n<meta property=\"og:type\" content=\"article\" \/>\n<meta property=\"og:title\" content=\"Legal | Toutt\u00e9e Conseil &amp; Associ\u00e9s\" \/>\n<meta property=\"og:description\" content=\"Sp\u00e9cialiste en Droit Fiscal le Cabinet Toutt\u00e9e Conseil et Associ\u00e9s vous accompagne dans toutes vos op\u00e9rations exceptionnelles.\" \/>\n<meta property=\"og:url\" content=\"https:\/\/tca-avocats.com\/en\/legal\/\" \/>\n<meta property=\"og:site_name\" content=\"Toutt\u00e9e Conseil &amp; Associ\u00e9s\" \/>\n<meta property=\"article:modified_time\" content=\"2025-01-23T14:14:00+00:00\" \/>\n<meta name=\"twitter:card\" content=\"summary_large_image\" \/>\n<script type=\"application\/ld+json\" class=\"yoast-schema-graph\">{\"@context\":\"https:\\\/\\\/schema.org\",\"@graph\":[{\"@type\":\"WebPage\",\"@id\":\"https:\\\/\\\/tca-avocats.com\\\/en\\\/legal\\\/\",\"url\":\"https:\\\/\\\/tca-avocats.com\\\/en\\\/legal\\\/\",\"name\":\"Legal | Toutt\u00e9e Conseil &amp; Associ\u00e9s\",\"isPartOf\":{\"@id\":\"https:\\\/\\\/tca-avocats.com\\\/en\\\/#website\"},\"datePublished\":\"2024-09-18T09:26:57+00:00\",\"dateModified\":\"2025-01-23T14:14:00+00:00\",\"description\":\"Sp\u00e9cialiste en Droit Fiscal le Cabinet Toutt\u00e9e Conseil et Associ\u00e9s vous accompagne dans toutes vos op\u00e9rations exceptionnelles.\",\"breadcrumb\":{\"@id\":\"https:\\\/\\\/tca-avocats.com\\\/en\\\/legal\\\/#breadcrumb\"},\"inLanguage\":\"en-US\",\"potentialAction\":[{\"@type\":\"ReadAction\",\"target\":[\"https:\\\/\\\/tca-avocats.com\\\/en\\\/legal\\\/\"]}]},{\"@type\":\"BreadcrumbList\",\"@id\":\"https:\\\/\\\/tca-avocats.com\\\/en\\\/legal\\\/#breadcrumb\",\"itemListElement\":[{\"@type\":\"ListItem\",\"position\":1,\"name\":\"Accueil\",\"item\":\"https:\\\/\\\/tca-avocats.com\\\/en\\\/\"},{\"@type\":\"ListItem\",\"position\":2,\"name\":\"Legal\"}]},{\"@type\":\"WebSite\",\"@id\":\"https:\\\/\\\/tca-avocats.com\\\/en\\\/#website\",\"url\":\"https:\\\/\\\/tca-avocats.com\\\/en\\\/\",\"name\":\"Toutt\u00e9e Conseil &amp; Associ\u00e9s\",\"description\":\"\",\"potentialAction\":[{\"@type\":\"SearchAction\",\"target\":{\"@type\":\"EntryPoint\",\"urlTemplate\":\"https:\\\/\\\/tca-avocats.com\\\/en\\\/?s={search_term_string}\"},\"query-input\":{\"@type\":\"PropertyValueSpecification\",\"valueRequired\":true,\"valueName\":\"search_term_string\"}}],\"inLanguage\":\"en-US\"}]}<\/script>\n<!-- \/ Yoast SEO plugin. -->","yoast_head_json":{"title":"Legal | Toutt\u00e9e Conseil &amp; Associ\u00e9s","description":"Sp\u00e9cialiste en Droit Fiscal le Cabinet Toutt\u00e9e Conseil et Associ\u00e9s vous accompagne dans toutes vos op\u00e9rations exceptionnelles.","robots":{"index":"index","follow":"follow","max-snippet":"max-snippet:-1","max-image-preview":"max-image-preview:large","max-video-preview":"max-video-preview:-1"},"canonical":"https:\/\/tca-avocats.com\/en\/legal\/","og_locale":"en_US","og_type":"article","og_title":"Legal | Toutt\u00e9e Conseil &amp; Associ\u00e9s","og_description":"Sp\u00e9cialiste en Droit Fiscal le Cabinet Toutt\u00e9e Conseil et Associ\u00e9s vous accompagne dans toutes vos op\u00e9rations exceptionnelles.","og_url":"https:\/\/tca-avocats.com\/en\/legal\/","og_site_name":"Toutt\u00e9e Conseil &amp; Associ\u00e9s","article_modified_time":"2025-01-23T14:14:00+00:00","twitter_card":"summary_large_image","schema":{"@context":"https:\/\/schema.org","@graph":[{"@type":"WebPage","@id":"https:\/\/tca-avocats.com\/en\/legal\/","url":"https:\/\/tca-avocats.com\/en\/legal\/","name":"Legal | Toutt\u00e9e Conseil &amp; Associ\u00e9s","isPartOf":{"@id":"https:\/\/tca-avocats.com\/en\/#website"},"datePublished":"2024-09-18T09:26:57+00:00","dateModified":"2025-01-23T14:14:00+00:00","description":"Sp\u00e9cialiste en Droit Fiscal le Cabinet Toutt\u00e9e Conseil et Associ\u00e9s vous accompagne dans toutes vos op\u00e9rations exceptionnelles.","breadcrumb":{"@id":"https:\/\/tca-avocats.com\/en\/legal\/#breadcrumb"},"inLanguage":"en-US","potentialAction":[{"@type":"ReadAction","target":["https:\/\/tca-avocats.com\/en\/legal\/"]}]},{"@type":"BreadcrumbList","@id":"https:\/\/tca-avocats.com\/en\/legal\/#breadcrumb","itemListElement":[{"@type":"ListItem","position":1,"name":"Accueil","item":"https:\/\/tca-avocats.com\/en\/"},{"@type":"ListItem","position":2,"name":"Legal"}]},{"@type":"WebSite","@id":"https:\/\/tca-avocats.com\/en\/#website","url":"https:\/\/tca-avocats.com\/en\/","name":"Toutt\u00e9e Conseil &amp; Associ\u00e9s","description":"","potentialAction":[{"@type":"SearchAction","target":{"@type":"EntryPoint","urlTemplate":"https:\/\/tca-avocats.com\/en\/?s={search_term_string}"},"query-input":{"@type":"PropertyValueSpecification","valueRequired":true,"valueName":"search_term_string"}}],"inLanguage":"en-US"}]}},"_links":{"self":[{"href":"https:\/\/tca-avocats.com\/en\/wp-json\/wp\/v2\/pages\/493","targetHints":{"allow":["GET"]}}],"collection":[{"href":"https:\/\/tca-avocats.com\/en\/wp-json\/wp\/v2\/pages"}],"about":[{"href":"https:\/\/tca-avocats.com\/en\/wp-json\/wp\/v2\/types\/page"}],"author":[{"embeddable":true,"href":"https:\/\/tca-avocats.com\/en\/wp-json\/wp\/v2\/users\/1"}],"replies":[{"embeddable":true,"href":"https:\/\/tca-avocats.com\/en\/wp-json\/wp\/v2\/comments?post=493"}],"version-history":[{"count":2,"href":"https:\/\/tca-avocats.com\/en\/wp-json\/wp\/v2\/pages\/493\/revisions"}],"predecessor-version":[{"id":495,"href":"https:\/\/tca-avocats.com\/en\/wp-json\/wp\/v2\/pages\/493\/revisions\/495"}],"wp:attachment":[{"href":"https:\/\/tca-avocats.com\/en\/wp-json\/wp\/v2\/media?parent=493"}],"curies":[{"name":"wp","href":"https:\/\/api.w.org\/{rel}","templated":true}]}}